{"id":802,"date":"2025-09-02T21:10:14","date_gmt":"2025-09-02T21:10:14","guid":{"rendered":"https:\/\/diegomartinfdz.com\/info\/"},"modified":"2025-09-05T22:13:35","modified_gmt":"2025-09-05T22:13:35","slug":"info","status":"publish","type":"page","link":"https:\/\/diegomartinfdz.com\/en\/info\/","title":{"rendered":"Info"},"content":{"rendered":"\t\t<div data-elementor-type=\"wp-page\" data-elementor-id=\"802\" class=\"elementor elementor-802\">\n\t\t\t\t<div class=\"elementor-element elementor-element-f93ec23 e-grid e-con-boxed e-con e-parent\" data-id=\"f93ec23\" data-element_type=\"container\" data-settings=\"{&quot;artale_ext_is_background_parallax&quot;:&quot;false&quot;,&quot;artale_ext_is_background_backdrop&quot;:&quot;false&quot;,&quot;artale_ext_is_background_on_scroll&quot;:&quot;false&quot;,&quot;artale_ext_link_sidemenu&quot;:&quot;false&quot;,&quot;artale_ext_link_fullmenu&quot;:&quot;false&quot;,&quot;artale_ext_link_closed_fullmenu&quot;:&quot;false&quot;,&quot;artale_ext_mobile_static&quot;:&quot;false&quot;,&quot;artale_ext_is_sticky&quot;:&quot;false&quot;,&quot;artale_ext_is_scrollme&quot;:&quot;false&quot;,&quot;artale_ext_is_smoove&quot;:&quot;false&quot;,&quot;artale_ext_is_parallax_mouse&quot;:&quot;false&quot;,&quot;artale_ext_is_infinite&quot;:&quot;false&quot;,&quot;artale_ext_is_fadeout_animation&quot;:&quot;false&quot;}\">\n\t\t\t\t\t<div class=\"e-con-inner\">\n\t\t\t\t<div class=\"elementor-element elementor-element-14ab9d4 elementor-widget elementor-widget-text-editor\" data-id=\"14ab9d4\" data-element_type=\"widget\" data-settings=\"{&quot;artale_ext_link_sidemenu&quot;:&quot;false&quot;,&quot;artale_ext_link_fullmenu&quot;:&quot;false&quot;,&quot;artale_ext_link_closed_fullmenu&quot;:&quot;false&quot;,&quot;artale_ext_mobile_static&quot;:&quot;false&quot;,&quot;artale_ext_is_sticky&quot;:&quot;false&quot;,&quot;artale_ext_is_scrollme&quot;:&quot;false&quot;,&quot;artale_ext_is_smoove&quot;:&quot;false&quot;,&quot;artale_ext_is_parallax_mouse&quot;:&quot;false&quot;,&quot;artale_ext_is_infinite&quot;:&quot;false&quot;,&quot;artale_ext_is_fadeout_animation&quot;:&quot;false&quot;}\" data-widget_type=\"text-editor.default\">\n\t\t\t\t\t\t\t\t\t<p class=\"p1\" style=\"font-style: normal; font-variant-numeric: normal; font-variant-east-asian: normal; font-variant-alternates: normal; font-size-adjust: none; font-kerning: auto; font-optical-sizing: auto; font-feature-settings: normal; font-variation-settings: normal; font-variant-position: normal; font-variant-emoji: normal; font-weight: 400; font-stretch: normal; font-size: 14px; line-height: normal; font-family: 'Fira Sans SemiBold';\"><span class=\"s1\" style=\"font-style: normal; font-variant-numeric: normal; font-variant-east-asian: normal; font-variant-alternates: normal; font-size-adjust: none; font-kerning: auto; font-optical-sizing: auto; font-feature-settings: normal; font-variation-settings: normal; font-variant-position: normal; font-variant-emoji: normal; font-weight: normal; font-stretch: normal; font-size: 14px; line-height: normal; font-family: 'Fira Sans';\"><b>Statement<\/b><\/span><\/p>\t\t\t\t\t\t\t\t<\/div>\n\t\t\t\t<div class=\"elementor-element elementor-element-db8448e elementor-widget elementor-widget-text-editor\" data-id=\"db8448e\" data-element_type=\"widget\" data-settings=\"{&quot;artale_ext_link_sidemenu&quot;:&quot;false&quot;,&quot;artale_ext_link_fullmenu&quot;:&quot;false&quot;,&quot;artale_ext_link_closed_fullmenu&quot;:&quot;false&quot;,&quot;artale_ext_mobile_static&quot;:&quot;false&quot;,&quot;artale_ext_is_sticky&quot;:&quot;false&quot;,&quot;artale_ext_is_scrollme&quot;:&quot;false&quot;,&quot;artale_ext_is_smoove&quot;:&quot;false&quot;,&quot;artale_ext_is_parallax_mouse&quot;:&quot;false&quot;,&quot;artale_ext_is_infinite&quot;:&quot;false&quot;,&quot;artale_ext_is_fadeout_animation&quot;:&quot;false&quot;}\" data-widget_type=\"text-editor.default\">\n\t\t\t\t\t\t\t\t\t<p class=\"p1\">Mi obra est\u00e1 directamente relacionada con la manera en que tengo de sentir la fotograf\u00eda, espont\u00e1nea, cotidiana y ocasionalmente aventurera, con mucha curiosidad ante todo. Con un lado B para la experimentaci\u00f3n, sobre todo en el cuarto oscuro al momento de hacer las copias, una mutaci\u00f3n de la toma inicial, a veces sutil y otras veces extrema.<br><span style=\"font-size: 14px;\"><br>Nunca pierdo la ilusi\u00f3n de descubrir algo nuevo, y darme el tiempo para hacerlo, regalarme ese momento, salir en la b\u00fasqueda, sin m\u00e1s pretensiones que encontrar algo que refresque la mirada, en este mundo imparable, en constante cambio tecnol\u00f3gico y donde el ritmo para digerir im\u00e1genes es casi fugaz. Por eso, rescatar esos fragmentos de momentos insignificantes, pero que pueden generar diferentes sensaciones, es para m\u00ed un tesoro, una peque\u00f1a victoria fotogr\u00e1fica, inagotable fuente de expresi\u00f3n y remedio contra el baj\u00f3n existencial.<br><\/span><span style=\"font-size: 14px;\"><br>Concluir con la obra mediante la copia anal\u00f3gica es enaltecer el proceso previo, es darle vida y tener la posibilidad de que esa obra habite con complicidad de quien empatice con la misma.<\/span><\/p>\t\t\t\t\t\t\t\t<\/div>\n\t\t\t\t\t<\/div>\n\t\t\t\t<\/div>\n\t\t<div class=\"elementor-element elementor-element-b60e06c e-grid e-con-boxed e-con e-parent\" data-id=\"b60e06c\" data-element_type=\"container\" data-settings=\"{&quot;artale_ext_is_background_parallax&quot;:&quot;false&quot;,&quot;artale_ext_is_background_backdrop&quot;:&quot;false&quot;,&quot;artale_ext_is_background_on_scroll&quot;:&quot;false&quot;,&quot;artale_ext_link_sidemenu&quot;:&quot;false&quot;,&quot;artale_ext_link_fullmenu&quot;:&quot;false&quot;,&quot;artale_ext_link_closed_fullmenu&quot;:&quot;false&quot;,&quot;artale_ext_mobile_static&quot;:&quot;false&quot;,&quot;artale_ext_is_sticky&quot;:&quot;false&quot;,&quot;artale_ext_is_scrollme&quot;:&quot;false&quot;,&quot;artale_ext_is_smoove&quot;:&quot;false&quot;,&quot;artale_ext_is_parallax_mouse&quot;:&quot;false&quot;,&quot;artale_ext_is_infinite&quot;:&quot;false&quot;,&quot;artale_ext_is_fadeout_animation&quot;:&quot;false&quot;}\">\n\t\t\t\t\t<div class=\"e-con-inner\">\n\t\t\t\t<div class=\"elementor-element elementor-element-7498d47 elementor-widget elementor-widget-text-editor\" data-id=\"7498d47\" data-element_type=\"widget\" data-settings=\"{&quot;artale_ext_link_sidemenu&quot;:&quot;false&quot;,&quot;artale_ext_link_fullmenu&quot;:&quot;false&quot;,&quot;artale_ext_link_closed_fullmenu&quot;:&quot;false&quot;,&quot;artale_ext_mobile_static&quot;:&quot;false&quot;,&quot;artale_ext_is_sticky&quot;:&quot;false&quot;,&quot;artale_ext_is_scrollme&quot;:&quot;false&quot;,&quot;artale_ext_is_smoove&quot;:&quot;false&quot;,&quot;artale_ext_is_parallax_mouse&quot;:&quot;false&quot;,&quot;artale_ext_is_infinite&quot;:&quot;false&quot;,&quot;artale_ext_is_fadeout_animation&quot;:&quot;false&quot;}\" data-widget_type=\"text-editor.default\">\n\t\t\t\t\t\t\t\t\t<p class=\"p1\" style=\"font-style: normal; font-variant-numeric: normal; font-variant-east-asian: normal; font-variant-alternates: normal; font-size-adjust: none; font-kerning: auto; font-optical-sizing: auto; font-feature-settings: normal; font-variation-settings: normal; font-variant-position: normal; font-variant-emoji: normal; font-weight: 400; font-stretch: normal; font-size: 14px; line-height: normal; font-family: 'Fira Sans SemiBold';\"><span class=\"s1\" style=\"font-style: normal; font-variant-numeric: normal; font-variant-east-asian: normal; font-variant-alternates: normal; font-size-adjust: none; font-kerning: auto; font-optical-sizing: auto; font-feature-settings: normal; font-variation-settings: normal; font-variant-position: normal; font-variant-emoji: normal; font-weight: normal; font-stretch: normal; font-size: 14px; line-height: normal; font-family: 'Fira Sans';\"><b>Bio<\/b><\/span><\/p>\t\t\t\t\t\t\t\t<\/div>\n\t\t\t\t<div class=\"elementor-element elementor-element-36a78fe elementor-widget elementor-widget-text-editor\" data-id=\"36a78fe\" data-element_type=\"widget\" data-settings=\"{&quot;artale_ext_link_sidemenu&quot;:&quot;false&quot;,&quot;artale_ext_link_fullmenu&quot;:&quot;false&quot;,&quot;artale_ext_link_closed_fullmenu&quot;:&quot;false&quot;,&quot;artale_ext_mobile_static&quot;:&quot;false&quot;,&quot;artale_ext_is_sticky&quot;:&quot;false&quot;,&quot;artale_ext_is_scrollme&quot;:&quot;false&quot;,&quot;artale_ext_is_smoove&quot;:&quot;false&quot;,&quot;artale_ext_is_parallax_mouse&quot;:&quot;false&quot;,&quot;artale_ext_is_infinite&quot;:&quot;false&quot;,&quot;artale_ext_is_fadeout_animation&quot;:&quot;false&quot;}\" data-widget_type=\"text-editor.default\">\n\t\t\t\t\t\t\t\t\t<p class=\"p1\">Nac\u00ed en Mendoza, Argentina. Mis estudios fueron en el \u00e1rea del Dise\u00f1o Gr\u00e1fico en la Universidad Champagnat (2005) y posteriormente realizando una maestr\u00eda en Dise\u00f1o Gr\u00e1fico e Ilustraci\u00f3n en la U.P.V, en Valencia, Espa\u00f1a (2018).<br \/><span style=\"font-size: 14px;\"><br \/>Con la fotograf\u00eda siempre de compa\u00f1era desde comienzo de mis estudios universitarios de manera autodidacta, no fue hasta tiempo despu\u00e9s que descubr\u00ed que ese compa\u00f1erismo se estaba convirtiendo en algo m\u00e1s. Siempre estudiando y descubriendo nuevos artista. Participando espor\u00e1dicamente en concursos, talleres y posteriormente embebi\u00e9ndome de la fotograf\u00eda anal\u00f3gica y la totalidad de su proceso, d\u00e1ndole as\u00ed tambi\u00e9n forma mi archivo fotogr\u00e1fico.<\/span><\/p>\t\t\t\t\t\t\t\t<\/div>\n\t\t\t\t\t<\/div>\n\t\t\t\t<\/div>\n\t\t<div class=\"elementor-element elementor-element-164183e e-grid e-con-boxed e-con e-parent\" data-id=\"164183e\" data-element_type=\"container\" data-settings=\"{&quot;artale_ext_is_background_parallax&quot;:&quot;false&quot;,&quot;artale_ext_is_background_backdrop&quot;:&quot;false&quot;,&quot;artale_ext_is_background_on_scroll&quot;:&quot;false&quot;,&quot;artale_ext_link_sidemenu&quot;:&quot;false&quot;,&quot;artale_ext_link_fullmenu&quot;:&quot;false&quot;,&quot;artale_ext_link_closed_fullmenu&quot;:&quot;false&quot;,&quot;artale_ext_mobile_static&quot;:&quot;false&quot;,&quot;artale_ext_is_sticky&quot;:&quot;false&quot;,&quot;artale_ext_is_scrollme&quot;:&quot;false&quot;,&quot;artale_ext_is_smoove&quot;:&quot;false&quot;,&quot;artale_ext_is_parallax_mouse&quot;:&quot;false&quot;,&quot;artale_ext_is_infinite&quot;:&quot;false&quot;,&quot;artale_ext_is_fadeout_animation&quot;:&quot;false&quot;}\">\n\t\t\t\t\t<div class=\"e-con-inner\">\n\t\t\t\t<div class=\"elementor-element elementor-element-2b6371d elementor-widget elementor-widget-text-editor\" data-id=\"2b6371d\" data-element_type=\"widget\" data-settings=\"{&quot;artale_ext_link_sidemenu&quot;:&quot;false&quot;,&quot;artale_ext_link_fullmenu&quot;:&quot;false&quot;,&quot;artale_ext_link_closed_fullmenu&quot;:&quot;false&quot;,&quot;artale_ext_mobile_static&quot;:&quot;false&quot;,&quot;artale_ext_is_sticky&quot;:&quot;false&quot;,&quot;artale_ext_is_scrollme&quot;:&quot;false&quot;,&quot;artale_ext_is_smoove&quot;:&quot;false&quot;,&quot;artale_ext_is_parallax_mouse&quot;:&quot;false&quot;,&quot;artale_ext_is_infinite&quot;:&quot;false&quot;,&quot;artale_ext_is_fadeout_animation&quot;:&quot;false&quot;}\" data-widget_type=\"text-editor.default\">\n\t\t\t\t\t\t\t\t\t<p class=\"p1\" style=\"font-style: normal; font-variant-numeric: normal; font-variant-east-asian: normal; font-variant-alternates: normal; font-size-adjust: none; font-kerning: auto; font-optical-sizing: auto; font-feature-settings: normal; font-variation-settings: normal; font-variant-position: normal; font-variant-emoji: normal; font-weight: 400; font-stretch: normal; font-size: 14px; line-height: normal; font-family: 'Fira Sans SemiBold';\"><span class=\"s1\" style=\"font-style: normal; font-variant-numeric: normal; font-variant-east-asian: normal; font-variant-alternates: normal; font-size-adjust: none; font-kerning: auto; font-optical-sizing: auto; font-feature-settings: normal; font-variation-settings: normal; font-variant-position: normal; font-variant-emoji: normal; font-weight: normal; font-stretch: normal; font-size: 14px; line-height: normal; font-family: 'Fira Sans';\"><b>Participaciones<\/b><\/span><\/p>\t\t\t\t\t\t\t\t<\/div>\n\t\t\t\t<div class=\"elementor-element elementor-element-7ca183a elementor-widget__width-initial elementor-icon-list--layout-traditional elementor-list-item-link-full_width elementor-widget elementor-widget-icon-list\" data-id=\"7ca183a\" data-element_type=\"widget\" data-settings=\"{&quot;artale_ext_link_sidemenu&quot;:&quot;false&quot;,&quot;artale_ext_link_fullmenu&quot;:&quot;false&quot;,&quot;artale_ext_link_closed_fullmenu&quot;:&quot;false&quot;,&quot;artale_ext_mobile_static&quot;:&quot;false&quot;,&quot;artale_ext_is_sticky&quot;:&quot;false&quot;,&quot;artale_ext_is_scrollme&quot;:&quot;false&quot;,&quot;artale_ext_is_smoove&quot;:&quot;false&quot;,&quot;artale_ext_is_parallax_mouse&quot;:&quot;false&quot;,&quot;artale_ext_is_infinite&quot;:&quot;false&quot;,&quot;artale_ext_is_fadeout_animation&quot;:&quot;false&quot;}\" data-widget_type=\"icon-list.default\">\n\t\t\t\t\t\t\t<ul class=\"elementor-icon-list-items\">\n\t\t\t\t\t\t\t<li class=\"elementor-icon-list-item\">\n\t\t\t\t\t\t\t\t\t\t\t<span class=\"elementor-icon-list-icon\">\n\t\t\t\t\t\t\t<svg aria-hidden=\"true\" class=\"e-font-icon-svg e-fas-dot-circle\" viewBox=\"0 0 512 512\" xmlns=\"http:\/\/www.w3.org\/2000\/svg\"><path d=\"M256 8C119.033 8 8 119.033 8 256s111.033 248 248 248 248-111.033 248-248S392.967 8 256 8zm80 248c0 44.112-35.888 80-80 80s-80-35.888-80-80 35.888-80 80-80 80 35.888 80 80z\"><\/path><\/svg>\t\t\t\t\t\t<\/span>\n\t\t\t\t\t\t\t\t\t\t<span class=\"elementor-icon-list-text\">2013 - Pueblo Barro, Pareditas, Mendoza.<\/span>\n\t\t\t\t\t\t\t\t\t<\/li>\n\t\t\t\t\t\t\t\t<li class=\"elementor-icon-list-item\">\n\t\t\t\t\t\t\t\t\t\t\t<span class=\"elementor-icon-list-icon\">\n\t\t\t\t\t\t\t<svg aria-hidden=\"true\" class=\"e-font-icon-svg e-fas-dot-circle\" viewBox=\"0 0 512 512\" xmlns=\"http:\/\/www.w3.org\/2000\/svg\"><path d=\"M256 8C119.033 8 8 119.033 8 256s111.033 248 248 248 248-111.033 248-248S392.967 8 256 8zm80 248c0 44.112-35.888 80-80 80s-80-35.888-80-80 35.888-80 80-80 80 35.888 80 80z\"><\/path><\/svg>\t\t\t\t\t\t<\/span>\n\t\t\t\t\t\t\t\t\t\t<span class=\"elementor-icon-list-text\">2019 - \u201cSpeed\u201d - Analog Forever Magazine, USA. (online exhibition).<\/span>\n\t\t\t\t\t\t\t\t\t<\/li>\n\t\t\t\t\t\t\t\t<li class=\"elementor-icon-list-item\">\n\t\t\t\t\t\t\t\t\t\t\t<span class=\"elementor-icon-list-icon\">\n\t\t\t\t\t\t\t<svg aria-hidden=\"true\" class=\"e-font-icon-svg e-fas-dot-circle\" viewBox=\"0 0 512 512\" xmlns=\"http:\/\/www.w3.org\/2000\/svg\"><path d=\"M256 8C119.033 8 8 119.033 8 256s111.033 248 248 248 248-111.033 248-248S392.967 8 256 8zm80 248c0 44.112-35.888 80-80 80s-80-35.888-80-80 35.888-80 80-80 80 35.888 80 80z\"><\/path><\/svg>\t\t\t\t\t\t<\/span>\n\t\t\t\t\t\t\t\t\t\t<span class=\"elementor-icon-list-text\">2020 - \u201cLight\u201d - Analog Forever Magazine, USA. (online exhibition).<\/span>\n\t\t\t\t\t\t\t\t\t<\/li>\n\t\t\t\t\t\t\t\t<li class=\"elementor-icon-list-item\">\n\t\t\t\t\t\t\t\t\t\t\t<span class=\"elementor-icon-list-icon\">\n\t\t\t\t\t\t\t<svg aria-hidden=\"true\" class=\"e-font-icon-svg e-fas-dot-circle\" viewBox=\"0 0 512 512\" xmlns=\"http:\/\/www.w3.org\/2000\/svg\"><path d=\"M256 8C119.033 8 8 119.033 8 256s111.033 248 248 248 248-111.033 248-248S392.967 8 256 8zm80 248c0 44.112-35.888 80-80 80s-80-35.888-80-80 35.888-80 80-80 80 35.888 80 80z\"><\/path><\/svg>\t\t\t\t\t\t<\/span>\n\t\t\t\t\t\t\t\t\t\t<span class=\"elementor-icon-list-text\">2022 - Taller de obra anal\u00f3gica - Luciano Pappalardo.<\/span>\n\t\t\t\t\t\t\t\t\t<\/li>\n\t\t\t\t\t\t\t\t<li class=\"elementor-icon-list-item\">\n\t\t\t\t\t\t\t\t\t\t\t<span class=\"elementor-icon-list-icon\">\n\t\t\t\t\t\t\t<svg aria-hidden=\"true\" class=\"e-font-icon-svg e-fas-dot-circle\" viewBox=\"0 0 512 512\" xmlns=\"http:\/\/www.w3.org\/2000\/svg\"><path d=\"M256 8C119.033 8 8 119.033 8 256s111.033 248 248 248 248-111.033 248-248S392.967 8 256 8zm80 248c0 44.112-35.888 80-80 80s-80-35.888-80-80 35.888-80 80-80 80 35.888 80 80z\"><\/path><\/svg>\t\t\t\t\t\t<\/span>\n\t\t\t\t\t\t\t\t\t\t<span class=\"elementor-icon-list-text\">2022 - V Bienal Arte Atuel, General Alvear, Mendoza.<\/span>\n\t\t\t\t\t\t\t\t\t<\/li>\n\t\t\t\t\t\t\t\t<li class=\"elementor-icon-list-item\">\n\t\t\t\t\t\t\t\t\t\t\t<span class=\"elementor-icon-list-icon\">\n\t\t\t\t\t\t\t<svg aria-hidden=\"true\" class=\"e-font-icon-svg e-fas-dot-circle\" viewBox=\"0 0 512 512\" xmlns=\"http:\/\/www.w3.org\/2000\/svg\"><path d=\"M256 8C119.033 8 8 119.033 8 256s111.033 248 248 248 248-111.033 248-248S392.967 8 256 8zm80 248c0 44.112-35.888 80-80 80s-80-35.888-80-80 35.888-80 80-80 80 35.888 80 80z\"><\/path><\/svg>\t\t\t\t\t\t<\/span>\n\t\t\t\t\t\t\t\t\t\t<span class=\"elementor-icon-list-text\">2024 - \u201cReflejo Cotidiano\u201d Espacio de Fotogr\u00e1f\u00eda M\u00e1ximo Arias, Mendoza.<\/span>\n\t\t\t\t\t\t\t\t\t<\/li>\n\t\t\t\t\t\t\t\t<li class=\"elementor-icon-list-item\">\n\t\t\t\t\t\t\t\t\t\t\t<span class=\"elementor-icon-list-icon\">\n\t\t\t\t\t\t\t<svg aria-hidden=\"true\" class=\"e-font-icon-svg e-fas-dot-circle\" viewBox=\"0 0 512 512\" xmlns=\"http:\/\/www.w3.org\/2000\/svg\"><path d=\"M256 8C119.033 8 8 119.033 8 256s111.033 248 248 248 248-111.033 248-248S392.967 8 256 8zm80 248c0 44.112-35.888 80-80 80s-80-35.888-80-80 35.888-80 80-80 80 35.888 80 80z\"><\/path><\/svg>\t\t\t\t\t\t<\/span>\n\t\t\t\t\t\t\t\t\t\t<span class=\"elementor-icon-list-text\">2024 - \u201cReflejo Cotidiano\u201d Espacio de Fotogr\u00e1f\u00eda M\u00e1ximo Arias, Mendoza.<\/span>\n\t\t\t\t\t\t\t\t\t<\/li>\n\t\t\t\t\t\t\t\t<li class=\"elementor-icon-list-item\">\n\t\t\t\t\t\t\t\t\t\t\t<span class=\"elementor-icon-list-icon\">\n\t\t\t\t\t\t\t<svg aria-hidden=\"true\" class=\"e-font-icon-svg e-fas-dot-circle\" viewBox=\"0 0 512 512\" xmlns=\"http:\/\/www.w3.org\/2000\/svg\"><path d=\"M256 8C119.033 8 8 119.033 8 256s111.033 248 248 248 248-111.033 248-248S392.967 8 256 8zm80 248c0 44.112-35.888 80-80 80s-80-35.888-80-80 35.888-80 80-80 80 35.888 80 80z\"><\/path><\/svg>\t\t\t\t\t\t<\/span>\n\t\t\t\t\t\t\t\t\t\t<span class=\"elementor-icon-list-text\">2025 -  Feria Aire MMAMM, Mendoza.<\/span>\n\t\t\t\t\t\t\t\t\t<\/li>\n\t\t\t\t\t\t<\/ul>\n\t\t\t\t\t\t<\/div>\n\t\t\t\t\t<\/div>\n\t\t\t\t<\/div>\n\t\t\t\t<\/div>\n\t\t","protected":false},"excerpt":{"rendered":"","protected":false},"author":1,"featured_media":0,"parent":0,"menu_order":0,"comment_status":"closed","ping_status":"closed","template":"","meta":{"footnotes":""},"class_list":["post-802","page","type-page","status-publish","hentry"],"_links":{"self":[{"href":"https:\/\/diegomartinfdz.com\/en\/wp-json\/wp\/v2\/pages\/802","targetHints":{"allow":["GET"]}}],"collection":[{"href":"https:\/\/diegomartinfdz.com\/en\/wp-json\/wp\/v2\/pages"}],"about":[{"href":"https:\/\/diegomartinfdz.com\/en\/wp-json\/wp\/v2\/types\/page"}],"author":[{"embeddable":true,"href":"https:\/\/diegomartinfdz.com\/en\/wp-json\/wp\/v2\/users\/1"}],"replies":[{"embeddable":true,"href":"https:\/\/diegomartinfdz.com\/en\/wp-json\/wp\/v2\/comments?post=802"}],"version-history":[{"count":1,"href":"https:\/\/diegomartinfdz.com\/en\/wp-json\/wp\/v2\/pages\/802\/revisions"}],"predecessor-version":[{"id":808,"href":"https:\/\/diegomartinfdz.com\/en\/wp-json\/wp\/v2\/pages\/802\/revisions\/808"}],"wp:attachment":[{"href":"https:\/\/diegomartinfdz.com\/en\/wp-json\/wp\/v2\/media?parent=802"}],"curies":[{"name":"wp","href":"https:\/\/api.w.org\/{rel}","templated":true}]}}